{"id":2048,"date":"2020-03-10T18:07:17","date_gmt":"2020-03-10T17:07:17","guid":{"rendered":"http:\/\/www.grunwald.zhp.wlkp.pl\/?page_id=2048"},"modified":"2023-12-22T22:22:52","modified_gmt":"2023-12-22T21:22:52","slug":"komisja-rewizyjna","status":"publish","type":"page","link":"http:\/\/www.grunwald.zhp.wlkp.pl\/?page_id=2048","title":{"rendered":"Komisja Rewizyjna"},"content":{"rendered":"<table  class=\" table table-hover\" border=\"0\">\n<tbody>\n<tr>\n<td>Przewodnicz\u0105cy:<\/td>\n<td>pwd. Wojciech Oczujda<\/td>\n<\/tr>\n<tr>\n<td><\/td>\n<td><\/td>\n<\/tr>\n<tr>\n<td>Wiceprzewodnicz\u0105cy:<\/td>\n<td>phm. Adam R\u00f3\u017cycki<\/td>\n<\/tr>\n<tr>\n<td><\/td>\n<td><\/td>\n<\/tr>\n<tr>\n<td>Cz\u0142onek:<\/td>\n<td>hm. Marian Derda<\/td>\n<\/tr>\n<tr>\n<td><\/td>\n<td><\/td>\n<\/tr>\n<\/tbody>\n<\/table>\n","protected":false},"excerpt":{"rendered":"<p>Przewodnicz\u0105cy: pwd. Wojciech Oczujda Wiceprzewodnicz\u0105cy: phm. Adam R\u00f3\u017cycki Cz\u0142onek: hm. Marian Derda<\/p>\n","protected":false},"author":1,"featured_media":0,"parent":0,"menu_order":0,"comment_status":"closed","ping_status":"closed","template":"","meta":[],"_links":{"self":[{"href":"http:\/\/www.grunwald.zhp.wlkp.pl\/index.php?rest_route=\/wp\/v2\/pages\/2048"}],"collection":[{"href":"http:\/\/www.grunwald.zhp.wlkp.pl\/index.php?rest_route=\/wp\/v2\/pages"}],"about":[{"href":"http:\/\/www.grunwald.zhp.wlkp.pl\/index.php?rest_route=\/wp\/v2\/types\/page"}],"author":[{"embeddable":true,"href":"http:\/\/www.grunwald.zhp.wlkp.pl\/index.php?rest_route=\/wp\/v2\/users\/1"}],"replies":[{"embeddable":true,"href":"http:\/\/www.grunwald.zhp.wlkp.pl\/index.php?rest_route=%2Fwp%2Fv2%2Fcomments&post=2048"}],"version-history":[{"count":4,"href":"http:\/\/www.grunwald.zhp.wlkp.pl\/index.php?rest_route=\/wp\/v2\/pages\/2048\/revisions"}],"predecessor-version":[{"id":2143,"href":"http:\/\/www.grunwald.zhp.wlkp.pl\/index.php?rest_route=\/wp\/v2\/pages\/2048\/revisions\/2143"}],"wp:attachment":[{"href":"http:\/\/www.grunwald.zhp.wlkp.pl\/index.php?rest_route=%2Fwp%2Fv2%2Fmedia&parent=2048"}],"curies":[{"name":"wp","href":"https:\/\/api.w.org\/{rel}","templated":true}]}}