{"id":1901,"date":"2017-09-22T21:45:11","date_gmt":"2017-09-22T19:45:11","guid":{"rendered":"http:\/\/www.grunwald.zhp.wlkp.pl\/?page_id=1901"},"modified":"2025-01-04T11:43:05","modified_gmt":"2025-01-04T10:43:05","slug":"harmonogram-zebran-ksi","status":"publish","type":"page","link":"http:\/\/www.grunwald.zhp.wlkp.pl\/?page_id=1901","title":{"rendered":"Harmonogram zebra\u0144 KSI"},"content":{"rendered":"<p><strong>Aktualny harmonogram zebra\u0144 KSI 2025:<\/strong><\/p>\n<p style=\"text-align: left;\">14.01.2025<\/p>\n<p style=\"text-align: left;\">11.02.2025<\/p>\n<p style=\"text-align: left;\">11.03.2025<\/p>\n<p style=\"text-align: left;\">8.04.2025<\/p>\n<p style=\"text-align: left;\">13.05.2025<\/p>\n<p style=\"text-align: left;\">10.06.2025<\/p>\n<p style=\"text-align: left;\">\n<strong>ZG\u0141ASZANIE<\/strong><br \/>\nWiadomo\u015b\u0107 informuj\u0105ce o zamiarze uczestnictwa w zbi\u00f3rce &#8211; wraz z kompletnym wnioskiem i ewentualn\u0105 dokumentacj\u0105 prosz\u0119 przes\u0142a\u0107 drog\u0105 mailow\u0105 najp\u00f3\u017aniej do Wtorku poprzedzaj\u0105cego zbi\u00f3rk\u0119 KSI (najlepiej na 10 dni przed zbi\u00f3rk\u0105 na kt\u00f3r\u0105 wnoszone jest zagadnienie). Adresy mailowe do zg\u0142oszenia: hufca grunwald@zhp.wlkp.pl oraz adres mailowy KSI ksi@poznangrunwald.zhp.pl\u00a0 \u00a0 \u00a0 \u00a0 \u00a0 \u00a0 \u00a0 \u00a0 \u00a0 \u00a0 \u00a0 \u00a0 (wysy\u0142amy \u0142\u0105cznie na oba). Wersj\u0119 papierow\u0105 wniosku i ewentualn\u0105 dokumentacje dostarczamy bezpo\u015brednio na zbi\u00f3rk\u0119 z KSI.<\/p>\n","protected":false},"excerpt":{"rendered":"<p>Aktualny harmonogram zebra\u0144 KSI 2025: 14.01.2025 11.02.2025 11.03.2025 8.04.2025 13.05.2025 10.06.2025 ZG\u0141ASZANIE Wiadomo\u015b\u0107 informuj\u0105ce o zamiarze uczestnictwa w zbi\u00f3rce &#8211; wraz z kompletnym wnioskiem i ewentualn\u0105 dokumentacj\u0105 prosz\u0119 przes\u0142a\u0107 drog\u0105 mailow\u0105 najp\u00f3\u017aniej do Wtorku poprzedzaj\u0105cego zbi\u00f3rk\u0119 KSI (najlepiej na 10 dni przed zbi\u00f3rk\u0105 na kt\u00f3r\u0105 wnoszone jest zagadnienie). Adresy mailowe do zg\u0142oszenia: hufca grunwald@zhp.wlkp.pl oraz [&hellip;]<\/p>\n","protected":false},"author":1,"featured_media":0,"parent":0,"menu_order":0,"comment_status":"closed","ping_status":"closed","template":"","meta":[],"_links":{"self":[{"href":"http:\/\/www.grunwald.zhp.wlkp.pl\/index.php?rest_route=\/wp\/v2\/pages\/1901"}],"collection":[{"href":"http:\/\/www.grunwald.zhp.wlkp.pl\/index.php?rest_route=\/wp\/v2\/pages"}],"about":[{"href":"http:\/\/www.grunwald.zhp.wlkp.pl\/index.php?rest_route=\/wp\/v2\/types\/page"}],"author":[{"embeddable":true,"href":"http:\/\/www.grunwald.zhp.wlkp.pl\/index.php?rest_route=\/wp\/v2\/users\/1"}],"replies":[{"embeddable":true,"href":"http:\/\/www.grunwald.zhp.wlkp.pl\/index.php?rest_route=%2Fwp%2Fv2%2Fcomments&post=1901"}],"version-history":[{"count":4,"href":"http:\/\/www.grunwald.zhp.wlkp.pl\/index.php?rest_route=\/wp\/v2\/pages\/1901\/revisions"}],"predecessor-version":[{"id":2151,"href":"http:\/\/www.grunwald.zhp.wlkp.pl\/index.php?rest_route=\/wp\/v2\/pages\/1901\/revisions\/2151"}],"wp:attachment":[{"href":"http:\/\/www.grunwald.zhp.wlkp.pl\/index.php?rest_route=%2Fwp%2Fv2%2Fmedia&parent=1901"}],"curies":[{"name":"wp","href":"https:\/\/api.w.org\/{rel}","templated":true}]}}